{"id":149,"date":"2025-06-23T10:34:25","date_gmt":"2025-06-23T03:34:25","guid":{"rendered":"https:\/\/demo-xbankvn.deltalabsjsc.com\/?page_id=149"},"modified":"2025-12-03T09:45:39","modified_gmt":"2025-12-03T02:45:39","slug":"contact","status":"publish","type":"page","link":"https:\/\/xbankapp.vn\/en\/contact\/","title":{"rendered":"Contact us"},"content":{"rendered":"<div data-elementor-type=\"wp-page\" data-elementor-id=\"149\" class=\"elementor elementor-149\" data-elementor-post-type=\"page\">\n\t\t\t\t<div class=\"elementor-element elementor-element-bc870e4 e-flex e-con-boxed e-con e-parent\" data-id=\"bc870e4\" data-element_type=\"container\">\n\t\t\t\t\t<div class=\"e-con-inner\">\n\t\t\t\t<div class=\"elementor-element elementor-element-8f2aeaa elementor-invisible elementor-widget elementor-widget-heading\" data-id=\"8f2aeaa\" data-element_type=\"widget\" data-settings=\"{&quot;_animation&quot;:&quot;fadeInUp&quot;,&quot;_animation_delay&quot;:100}\" data-widget_type=\"heading.default\">\n\t\t\t\t\t<h1 class=\"elementor-heading-title elementor-size-default\">Contact us<\/h1>\t\t\t\t<\/div>\n\t\t\t\t<div class=\"elementor-element elementor-element-89db49e elementor-invisible elementor-widget elementor-widget-text-editor\" data-id=\"89db49e\" data-element_type=\"widget\" data-settings=\"{&quot;_animation&quot;:&quot;fadeInUp&quot;,&quot;_animation_delay&quot;:200}\" data-widget_type=\"text-editor.default\">\n\t\t\t\t\t\t\t\t\t<p>We are always ready to assist you<\/p>\t\t\t\t\t\t\t\t<\/div>\n\t\t<div class=\"elementor-element elementor-element-9bb3a91 e-con-full e-flex elementor-invisible e-con e-child\" data-id=\"9bb3a91\" data-element_type=\"container\" data-settings=\"{&quot;animation&quot;:&quot;fadeInUp&quot;,&quot;animation_delay&quot;:100}\">\n\t\t<div class=\"elementor-element elementor-element-0ad7173 e-con-full e-flex elementor-invisible e-con e-child\" data-id=\"0ad7173\" data-element_type=\"container\" data-settings=\"{&quot;animation&quot;:&quot;fadeInLeft&quot;}\">\n\t\t\t\t<div class=\"elementor-element elementor-element-66029eb elementor-widget elementor-widget-heading\" data-id=\"66029eb\" data-element_type=\"widget\" data-widget_type=\"heading.default\">\n\t\t\t\t\t<h3 class=\"elementor-heading-title elementor-size-default\">XBC Technology Joint Stock Company (XBC Technology JSC)<\/h3>\t\t\t\t<\/div>\n\t\t\t\t<div class=\"elementor-element elementor-element-bc277cc elementor-widget elementor-widget-text-editor\" data-id=\"bc277cc\" data-element_type=\"widget\" data-widget_type=\"text-editor.default\">\n\t\t\t\t\t\t\t\t\t<p><strong style=\"font-size: 1.25rem;\">Head Office<\/strong><\/p><p>16th Floor, Misa Building, No. 188, 30\/4 Street, Hoa Cuong Ward, Da Nang City<\/p><p><strong>Representative office<\/strong><\/p><ul><li><p>34 Bach Dang, Tan Son Hoa Ward, Ho Chi Minh City<\/p><\/li><\/ul><p><strong>Singapore\u00a0<span class=\"Y2IQFc\" lang=\"en\">office<\/span><\/strong><\/p><ul><li>Jadelabs, 61 Bukit Batok Crescent, #05-05 Heng Loong Building, Singapore<\/li><\/ul>\t\t\t\t\t\t\t\t<\/div>\n\t\t\t\t<\/div>\n\t\t<div class=\"elementor-element elementor-element-aadaedd e-con-full e-flex elementor-invisible e-con e-child\" data-id=\"aadaedd\" data-element_type=\"container\" data-settings=\"{&quot;animation&quot;:&quot;fadeInRight&quot;}\">\n\t\t\t\t<div class=\"elementor-element elementor-element-470d4cd elementor-widget elementor-widget-heading\" data-id=\"470d4cd\" data-element_type=\"widget\" data-widget_type=\"heading.default\">\n\t\t\t\t\t<h3 class=\"elementor-heading-title elementor-size-default\">Contact Form<\/h3>\t\t\t\t<\/div>\n\t\t\t\t<div class=\"elementor-element elementor-element-e50c3a0 elementor-button-align-center ct__contact_page_form elementor-widget elementor-widget-form\" data-id=\"e50c3a0\" data-element_type=\"widget\" data-settings=\"{&quot;step_next_label&quot;:&quot;Next&quot;,&quot;step_previous_label&quot;:&quot;Previous&quot;,&quot;button_width&quot;:&quot;100&quot;,&quot;step_type&quot;:&quot;number_text&quot;,&quot;step_icon_shape&quot;:&quot;circle&quot;}\" data-widget_type=\"form.default\">\n\t\t\t\t\t\t\t<form class=\"elementor-form\" method=\"post\" name=\"Form l\u00ean h\u1ec7 web xbankapp.vn\" novalidate=\"\" action=\"\">\n\t\t\t<input type=\"hidden\" name=\"post_id\" value=\"149\"\/>\n\t\t\t<input type=\"hidden\" name=\"form_id\" value=\"e50c3a0\"\/>\n\t\t\t<input type=\"hidden\" name=\"referer_title\" value=\"xBank - N\u1ec1n t\u1ea3ng t\u00e0i ch\u00ednh to\u00e0n di\u1ec7n cho doanh nghi\u1ec7p \u0111\u1ed5i m\u1edbi s\u00e1ng t\u1ea1o\" \/>\n\n\t\t\t\t\t\t\t<input type=\"hidden\" name=\"queried_id\" value=\"149\"\/>\n\t\t\t\n\t\t\t<div class=\"elementor-form-fields-wrapper elementor-labels-above\">\n\t\t\t\t\t\t\t\t<div class=\"elementor-field-type-text elementor-field-group elementor-column elementor-field-group-name elementor-col-100\">\n\t\t\t\t\t\t\t\t\t\t\t\t<label for=\"form-field-name\" class=\"elementor-field-label\">\n\t\t\t\t\t\t\t\tFull name\t\t\t\t\t\t\t<\/label>\n\t\t\t\t\t\t\t\t\t\t\t\t\t\t<input size=\"1\" type=\"text\" name=\"form_fields[name]\" id=\"form-field-name\" class=\"elementor-field elementor-size-md  elementor-field-textual\" placeholder=\"Full name\">\n\t\t\t\t\t\t\t\t\t\t\t<\/div>\n\t\t\t\t\t\t\t\t<div class=\"elementor-field-type-email elementor-field-group elementor-column elementor-field-group-email elementor-col-100 elementor-field-required\">\n\t\t\t\t\t\t\t\t\t\t\t\t<label for=\"form-field-email\" class=\"elementor-field-label\">\n\t\t\t\t\t\t\t\tEmail\t\t\t\t\t\t\t<\/label>\n\t\t\t\t\t\t\t\t\t\t\t\t\t\t<input size=\"1\" type=\"email\" name=\"form_fields[email]\" id=\"form-field-email\" class=\"elementor-field elementor-size-md  elementor-field-textual\" placeholder=\"Email\" required=\"required\">\n\t\t\t\t\t\t\t\t\t\t\t<\/div>\n\t\t\t\t\t\t\t\t<div class=\"elementor-field-type-textarea elementor-field-group elementor-column elementor-field-group-message elementor-col-100\">\n\t\t\t\t\t\t\t\t\t\t\t\t<label for=\"form-field-message\" class=\"elementor-field-label\">\n\t\t\t\t\t\t\t\tYour message\t\t\t\t\t\t\t<\/label>\n\t\t\t\t\t\t<textarea class=\"elementor-field-textual elementor-field  elementor-size-md\" name=\"form_fields[message]\" id=\"form-field-message\" rows=\"7\" placeholder=\"Your message\"><\/textarea>\t\t\t\t<\/div>\n\t\t\t\t\t\t\t\t<div class=\"elementor-field-group elementor-column elementor-field-type-submit elementor-col-100 e-form__buttons\">\n\t\t\t\t\t<button class=\"elementor-button elementor-size-sm\" type=\"submit\">\n\t\t\t\t\t\t<span class=\"elementor-button-content-wrapper\">\n\t\t\t\t\t\t\t\t\t\t\t\t\t\t\t\t\t\t\t\t\t\t<span class=\"elementor-button-text\">Send<\/span>\n\t\t\t\t\t\t\t\t\t\t\t\t\t<\/span>\n\t\t\t\t\t<\/button>\n\t\t\t\t<\/div>\n\t\t\t<\/div>\n\t\t<input type=\"hidden\" name=\"trp-form-language\" value=\"en\"\/><\/form>\n\t\t\t\t\t\t<\/div>\n\t\t\t\t<\/div>\n\t\t\t\t<div class=\"elementor-element elementor-element-3148506 elementor-widget elementor-widget-html\" data-id=\"3148506\" data-element_type=\"widget\" data-widget_type=\"html.default\">\n\t\t\t\t\t<script>\n    document.addEventListener('DOMContentLoaded', function() {\n    \/\/ T\u00ecm ph\u1ea7n t\u1eed c\u00f3 class 'ct__contact_page_form'\n    const contactForm = document.querySelector('.ct__contact_page_form');\n\n    if (contactForm) {\n        \/\/ T\u1ea1o m\u1ed9t div m\u1edbi \u0111\u1ec3 ch\u1ee9a c\u00e1c tr\u01b0\u1eddng H\u1ecd t\u00ean v\u00e0 Email\n        const contactInfoDiv = document.createElement('div');\n        contactInfoDiv.classList.add('ct__contact_page_form_info');\n\n        \/\/ T\u00ecm tr\u01b0\u1eddng H\u1ecd t\u00ean\n        const nameField = contactForm.querySelector('.elementor-field-group-name');\n        \n        \/\/ T\u00ecm tr\u01b0\u1eddng Email\n        const emailField = contactForm.querySelector('.elementor-field-group-email');\n\n        \/\/ Ki\u1ec3m tra n\u1ebfu t\u00ecm th\u1ea5y c\u1ea3 hai tr\u01b0\u1eddng\n        if (nameField && emailField) {\n            \/\/ Ch\u00e8n tr\u01b0\u1eddng H\u1ecd t\u00ean v\u00e0 Email v\u00e0o div m\u1edbi\n            contactInfoDiv.appendChild(nameField);\n            contactInfoDiv.appendChild(emailField);\n\n            \/\/ T\u00ecm ph\u1ea7n t\u1eed cha \u0111\u1ec3 ch\u00e8n div m\u1edbi v\u00e0o\n            const formWrapper = contactForm.querySelector('.elementor-form-fields-wrapper');\n            if (formWrapper) {\n                \/\/ Ch\u00e8n div m\u1edbi v\u00e0o \u0111\u1ea7u form\n                formWrapper.insertBefore(contactInfoDiv, formWrapper.firstChild);\n            }\n        }\n    }\n});\n<\/script>\t\t\t\t<\/div>\n\t\t\t\t<\/div>\n\t\t\t\t\t<\/div>\n\t\t\t\t<\/div>\n\t\t<div class=\"elementor-element elementor-element-2bb36d1 e-flex e-con-boxed e-con e-parent\" data-id=\"2bb36d1\" data-element_type=\"container\">\n\t\t\t\t\t<div class=\"e-con-inner\">\n\t\t<div class=\"elementor-element elementor-element-520effc e-con-full e-flex elementor-invisible e-con e-child\" data-id=\"520effc\" data-element_type=\"container\" data-settings=\"{&quot;animation&quot;:&quot;fadeInUp&quot;,&quot;animation_delay&quot;:100}\">\n\t\t\t\t<div class=\"elementor-element elementor-element-4ac60cc elementor-widget elementor-widget-heading\" data-id=\"4ac60cc\" data-element_type=\"widget\" data-widget_type=\"heading.default\">\n\t\t\t\t\t<h3 class=\"elementor-heading-title elementor-size-default\">Hotline 24\/7<\/h3>\t\t\t\t<\/div>\n\t\t\t\t<div class=\"elementor-element elementor-element-242efa7 ct__description--height-50 elementor-widget elementor-widget-text-editor\" data-id=\"242efa7\" data-element_type=\"widget\" data-widget_type=\"text-editor.default\">\n\t\t\t\t\t\t\t\t\t<p>Make a call with our support team anytime<\/p>\t\t\t\t\t\t\t\t<\/div>\n\t\t\t\t<div class=\"elementor-element elementor-element-e80f40f elementor-align-center elementor-widget elementor-widget-button\" data-id=\"e80f40f\" data-element_type=\"widget\" data-widget_type=\"button.default\">\n\t\t\t\t\t\t\t\t\t\t<a class=\"elementor-button elementor-button-link elementor-size-sm\" href=\"tel:1900255575\" target=\"_blank\">\n\t\t\t\t\t\t<span class=\"elementor-button-content-wrapper\">\n\t\t\t\t\t\t\t\t\t<span class=\"elementor-button-text\">Call now<\/span>\n\t\t\t\t\t<\/span>\n\t\t\t\t\t<\/a>\n\t\t\t\t\t\t\t\t<\/div>\n\t\t\t\t<\/div>\n\t\t<div class=\"elementor-element elementor-element-c2aa6c2 e-con-full e-flex elementor-invisible e-con e-child\" data-id=\"c2aa6c2\" data-element_type=\"container\" data-settings=\"{&quot;animation&quot;:&quot;fadeInUp&quot;,&quot;animation_delay&quot;:500}\">\n\t\t\t\t<div class=\"elementor-element elementor-element-b3e92e3 elementor-widget elementor-widget-heading\" data-id=\"b3e92e3\" data-element_type=\"widget\" data-widget_type=\"heading.default\">\n\t\t\t\t\t<h3 class=\"elementor-heading-title elementor-size-default\">Support email<\/h3>\t\t\t\t<\/div>\n\t\t\t\t<div class=\"elementor-element elementor-element-f253dd0 ct__description--height-50 elementor-widget elementor-widget-text-editor\" data-id=\"f253dd0\" data-element_type=\"widget\" data-widget_type=\"text-editor.default\">\n\t\t\t\t\t\t\t\t\t<p>Email us and get a response within 24 hours: contact@xbankapp.vn<\/p>\t\t\t\t\t\t\t\t<\/div>\n\t\t\t\t<div class=\"elementor-element elementor-element-bd2b27f elementor-align-center elementor-widget elementor-widget-button\" data-id=\"bd2b27f\" data-element_type=\"widget\" data-widget_type=\"button.default\">\n\t\t\t\t\t\t\t\t\t\t<a class=\"elementor-button elementor-button-link elementor-size-sm\" href=\"mailto:contact@xbankapp.vn\" target=\"_blank\">\n\t\t\t\t\t\t<span class=\"elementor-button-content-wrapper\">\n\t\t\t\t\t\t\t\t\t<span class=\"elementor-button-text\">Send mail<\/span>\n\t\t\t\t\t<\/span>\n\t\t\t\t\t<\/a>\n\t\t\t\t\t\t\t\t<\/div>\n\t\t\t\t<\/div>\n\t\t\t\t\t<\/div>\n\t\t\t\t<\/div>\n\t\t\t\t<\/div>","protected":false},"excerpt":{"rendered":"<p>Li\u00ean h\u1ec7 Lu\u00f4n s\u1eb5n s\u00e0ng h\u1ed7 tr\u1ee3 b\u1ea1n. C\u00f4ng ty c\u1ed5 ph\u1ea7n c\u00f4ng ngh\u1ec7 XBC (XBC Technology JSC) Tr\u1ee5 s\u1edf ch\u00ednh T\u1ea7ng 16, To\u00e0 Nh\u00e0 Misa, S\u1ed1 188 \u0111\u01b0\u1eddng 30 th\u00e1ng 04 P. Ho\u00e0 C\u01b0\u1eddng, Tp. \u0110\u00e0 N\u1eb5ng V\u0103n ph\u00f2ng \u0111\u1ea1i di\u1ec7n 34 B\u1ea1ch \u0110\u1eb1ng, P. T\u00e2n S\u01a1n Ho\u0300a, Tp. H\u1ed3 Ch\u00ed Minh Singapore\u00a0office Jadelabs, [&hellip;]<\/p>","protected":false},"author":1,"featured_media":14,"parent":0,"menu_order":0,"comment_status":"closed","ping_status":"closed","template":"","meta":{"footnotes":""},"class_list":["post-149","page","type-page","status-publish","has-post-thumbnail","hentry"],"yoast_head":"<!-- This site is optimized with the Yoast SEO plugin v25.9 - https:\/\/yoast.com\/wordpress\/plugins\/seo\/ -->\n<title>xBank - N\u1ec1n t\u1ea3ng t\u00e0i ch\u00ednh to\u00e0n di\u1ec7n cho doanh nghi\u1ec7p \u0111\u1ed5i m\u1edbi s\u00e1ng t\u1ea1o<\/title>\n<meta name=\"description\" content=\"M\u1edf t\u00e0i kho\u1ea3n doanh nghi\u1ec7p \u0111a ti\u1ec1n t\u1ec7, nh\u1eadn th\u1ebb \u1ea3o &amp; v\u1eadt l\u00fd, vay v\u1ed1n nhanh, qu\u1ea3n l\u00fd chi ti\u00eau hi\u1ec7u qu\u1ea3 c\u00f9ng xBank - N\u1ec1n t\u1ea3ng t\u00e0i ch\u00ednh to\u00e0n di\u1ec7n cho doanh nghi\u1ec7p \u0111\u1ed5i m\u1edbi s\u00e1ng t\u1ea1o.\" \/>\n<meta name=\"robots\" content=\"index, follow, max-snippet:-1, max-image-preview:large, max-video-preview:-1\" \/>\n<link rel=\"canonical\" href=\"https:\/\/xbankapp.vn\/en\/contact\/\" \/>\n<meta property=\"og:locale\" content=\"en_US\" \/>\n<meta property=\"og:type\" content=\"article\" \/>\n<meta property=\"og:title\" content=\"xBank - N\u1ec1n t\u1ea3ng t\u00e0i ch\u00ednh to\u00e0n di\u1ec7n cho doanh nghi\u1ec7p \u0111\u1ed5i m\u1edbi s\u00e1ng t\u1ea1o\" \/>\n<meta property=\"og:description\" content=\"M\u1edf t\u00e0i kho\u1ea3n doanh nghi\u1ec7p \u0111a ti\u1ec1n t\u1ec7, nh\u1eadn th\u1ebb \u1ea3o &amp; v\u1eadt l\u00fd, vay v\u1ed1n nhanh, qu\u1ea3n l\u00fd chi ti\u00eau hi\u1ec7u qu\u1ea3 c\u00f9ng xBank - N\u1ec1n t\u1ea3ng t\u00e0i ch\u00ednh to\u00e0n di\u1ec7n cho doanh nghi\u1ec7p \u0111\u1ed5i m\u1edbi s\u00e1ng t\u1ea1o.\" \/>\n<meta property=\"og:url\" content=\"https:\/\/xbankapp.vn\/en\/contact\/\" \/>\n<meta property=\"og:site_name\" content=\"xBank App\" \/>\n<meta property=\"article:modified_time\" content=\"2025-12-03T02:45:39+00:00\" \/>\n<meta property=\"og:image\" content=\"https:\/\/xbankapp.vn\/wp-content\/uploads\/2025\/06\/preview-c09g0s.jpg\" \/>\n\t<meta property=\"og:image:width\" content=\"2560\" \/>\n\t<meta property=\"og:image:height\" content=\"1280\" \/>\n\t<meta property=\"og:image:type\" content=\"image\/jpeg\" \/>\n<meta name=\"twitter:card\" content=\"summary_large_image\" \/>\n<meta name=\"twitter:label1\" content=\"Est. reading time\" \/>\n\t<meta name=\"twitter:data1\" content=\"1 minute\" \/>\n<script type=\"application\/ld+json\" class=\"yoast-schema-graph\">{\"@context\":\"https:\/\/schema.org\",\"@graph\":[{\"@type\":\"WebPage\",\"@id\":\"https:\/\/xbankapp.vn\/lien-he\/\",\"url\":\"https:\/\/xbankapp.vn\/lien-he\/\",\"name\":\"xBank - N\u1ec1n t\u1ea3ng t\u00e0i ch\u00ednh to\u00e0n di\u1ec7n cho doanh nghi\u1ec7p \u0111\u1ed5i m\u1edbi s\u00e1ng t\u1ea1o\",\"isPartOf\":{\"@id\":\"https:\/\/xbankapp.vn\/#website\"},\"primaryImageOfPage\":{\"@id\":\"https:\/\/xbankapp.vn\/lien-he\/#primaryimage\"},\"image\":{\"@id\":\"https:\/\/xbankapp.vn\/lien-he\/#primaryimage\"},\"thumbnailUrl\":\"https:\/\/xbankapp.vn\/wp-content\/uploads\/2025\/06\/preview-c09g0s.jpg\",\"datePublished\":\"2025-06-23T03:34:25+00:00\",\"dateModified\":\"2025-12-03T02:45:39+00:00\",\"description\":\"M\u1edf t\u00e0i kho\u1ea3n doanh nghi\u1ec7p \u0111a ti\u1ec1n t\u1ec7, nh\u1eadn th\u1ebb \u1ea3o & v\u1eadt l\u00fd, vay v\u1ed1n nhanh, qu\u1ea3n l\u00fd chi ti\u00eau hi\u1ec7u qu\u1ea3 c\u00f9ng xBank - N\u1ec1n t\u1ea3ng t\u00e0i ch\u00ednh to\u00e0n di\u1ec7n cho doanh nghi\u1ec7p \u0111\u1ed5i m\u1edbi s\u00e1ng t\u1ea1o.\",\"breadcrumb\":{\"@id\":\"https:\/\/xbankapp.vn\/lien-he\/#breadcrumb\"},\"inLanguage\":\"en-US\",\"potentialAction\":[{\"@type\":\"ReadAction\",\"target\":[\"https:\/\/xbankapp.vn\/lien-he\/\"]}]},{\"@type\":\"ImageObject\",\"inLanguage\":\"en-US\",\"@id\":\"https:\/\/xbankapp.vn\/lien-he\/#primaryimage\",\"url\":\"https:\/\/xbankapp.vn\/wp-content\/uploads\/2025\/06\/preview-c09g0s.jpg\",\"contentUrl\":\"https:\/\/xbankapp.vn\/wp-content\/uploads\/2025\/06\/preview-c09g0s.jpg\",\"width\":2560,\"height\":1280},{\"@type\":\"BreadcrumbList\",\"@id\":\"https:\/\/xbankapp.vn\/lien-he\/#breadcrumb\",\"itemListElement\":[{\"@type\":\"ListItem\",\"position\":1,\"name\":\"Trang ch\u1ee7\",\"item\":\"https:\/\/xbankapp.vn\/\"},{\"@type\":\"ListItem\",\"position\":2,\"name\":\"Li\u00ean h\u1ec7\"}]},{\"@type\":\"WebSite\",\"@id\":\"https:\/\/xbankapp.vn\/#website\",\"url\":\"https:\/\/xbankapp.vn\/\",\"name\":\"Xbank App\",\"description\":\"\",\"publisher\":{\"@id\":\"https:\/\/xbankapp.vn\/#organization\"},\"potentialAction\":[{\"@type\":\"SearchAction\",\"target\":{\"@type\":\"EntryPoint\",\"urlTemplate\":\"https:\/\/xbankapp.vn\/?s={search_term_string}\"},\"query-input\":{\"@type\":\"PropertyValueSpecification\",\"valueRequired\":true,\"valueName\":\"search_term_string\"}}],\"inLanguage\":\"en-US\"},{\"@type\":\"Organization\",\"@id\":\"https:\/\/xbankapp.vn\/#organization\",\"name\":\"Xbank App\",\"url\":\"https:\/\/xbankapp.vn\/\",\"logo\":{\"@type\":\"ImageObject\",\"inLanguage\":\"en-US\",\"@id\":\"https:\/\/xbankapp.vn\/#\/schema\/logo\/image\/\",\"url\":\"https:\/\/xbankapp.vn\/wp-content\/uploads\/2025\/06\/logo-d6icie.svg\",\"contentUrl\":\"https:\/\/xbankapp.vn\/wp-content\/uploads\/2025\/06\/logo-d6icie.svg\",\"width\":126,\"height\":47,\"caption\":\"Xbank App\"},\"image\":{\"@id\":\"https:\/\/xbankapp.vn\/#\/schema\/logo\/image\/\"}}]}<\/script>\n<!-- \/ Yoast SEO plugin. -->","yoast_head_json":{"title":"xBank - N\u1ec1n t\u1ea3ng t\u00e0i ch\u00ednh to\u00e0n di\u1ec7n cho doanh nghi\u1ec7p \u0111\u1ed5i m\u1edbi s\u00e1ng t\u1ea1o","description":"M\u1edf t\u00e0i kho\u1ea3n doanh nghi\u1ec7p \u0111a ti\u1ec1n t\u1ec7, nh\u1eadn th\u1ebb \u1ea3o & v\u1eadt l\u00fd, vay v\u1ed1n nhanh, qu\u1ea3n l\u00fd chi ti\u00eau hi\u1ec7u qu\u1ea3 c\u00f9ng xBank - N\u1ec1n t\u1ea3ng t\u00e0i ch\u00ednh to\u00e0n di\u1ec7n cho doanh nghi\u1ec7p \u0111\u1ed5i m\u1edbi s\u00e1ng t\u1ea1o.","robots":{"index":"index","follow":"follow","max-snippet":"max-snippet:-1","max-image-preview":"max-image-preview:large","max-video-preview":"max-video-preview:-1"},"canonical":"https:\/\/xbankapp.vn\/en\/contact\/","og_locale":"en_US","og_type":"article","og_title":"xBank - N\u1ec1n t\u1ea3ng t\u00e0i ch\u00ednh to\u00e0n di\u1ec7n cho doanh nghi\u1ec7p \u0111\u1ed5i m\u1edbi s\u00e1ng t\u1ea1o","og_description":"M\u1edf t\u00e0i kho\u1ea3n doanh nghi\u1ec7p \u0111a ti\u1ec1n t\u1ec7, nh\u1eadn th\u1ebb \u1ea3o & v\u1eadt l\u00fd, vay v\u1ed1n nhanh, qu\u1ea3n l\u00fd chi ti\u00eau hi\u1ec7u qu\u1ea3 c\u00f9ng xBank - N\u1ec1n t\u1ea3ng t\u00e0i ch\u00ednh to\u00e0n di\u1ec7n cho doanh nghi\u1ec7p \u0111\u1ed5i m\u1edbi s\u00e1ng t\u1ea1o.","og_url":"https:\/\/xbankapp.vn\/en\/contact\/","og_site_name":"xBank App","article_modified_time":"2025-12-03T02:45:39+00:00","og_image":[{"width":2560,"height":1280,"url":"https:\/\/xbankapp.vn\/wp-content\/uploads\/2025\/06\/preview-c09g0s.jpg","type":"image\/jpeg"}],"twitter_card":"summary_large_image","twitter_misc":{"Est. reading time":"1 minute"},"schema":{"@context":"https:\/\/schema.org","@graph":[{"@type":"WebPage","@id":"https:\/\/xbankapp.vn\/lien-he\/","url":"https:\/\/xbankapp.vn\/lien-he\/","name":"xBank - N\u1ec1n t\u1ea3ng t\u00e0i ch\u00ednh to\u00e0n di\u1ec7n cho doanh nghi\u1ec7p \u0111\u1ed5i m\u1edbi s\u00e1ng t\u1ea1o","isPartOf":{"@id":"https:\/\/xbankapp.vn\/#website"},"primaryImageOfPage":{"@id":"https:\/\/xbankapp.vn\/lien-he\/#primaryimage"},"image":{"@id":"https:\/\/xbankapp.vn\/lien-he\/#primaryimage"},"thumbnailUrl":"https:\/\/xbankapp.vn\/wp-content\/uploads\/2025\/06\/preview-c09g0s.jpg","datePublished":"2025-06-23T03:34:25+00:00","dateModified":"2025-12-03T02:45:39+00:00","description":"M\u1edf t\u00e0i kho\u1ea3n doanh nghi\u1ec7p \u0111a ti\u1ec1n t\u1ec7, nh\u1eadn th\u1ebb \u1ea3o & v\u1eadt l\u00fd, vay v\u1ed1n nhanh, qu\u1ea3n l\u00fd chi ti\u00eau hi\u1ec7u qu\u1ea3 c\u00f9ng xBank - N\u1ec1n t\u1ea3ng t\u00e0i ch\u00ednh to\u00e0n di\u1ec7n cho doanh nghi\u1ec7p \u0111\u1ed5i m\u1edbi s\u00e1ng t\u1ea1o.","breadcrumb":{"@id":"https:\/\/xbankapp.vn\/lien-he\/#breadcrumb"},"inLanguage":"en-US","potentialAction":[{"@type":"ReadAction","target":["https:\/\/xbankapp.vn\/lien-he\/"]}]},{"@type":"ImageObject","inLanguage":"en-US","@id":"https:\/\/xbankapp.vn\/lien-he\/#primaryimage","url":"https:\/\/xbankapp.vn\/wp-content\/uploads\/2025\/06\/preview-c09g0s.jpg","contentUrl":"https:\/\/xbankapp.vn\/wp-content\/uploads\/2025\/06\/preview-c09g0s.jpg","width":2560,"height":1280},{"@type":"BreadcrumbList","@id":"https:\/\/xbankapp.vn\/lien-he\/#breadcrumb","itemListElement":[{"@type":"ListItem","position":1,"name":"Trang ch\u1ee7","item":"https:\/\/xbankapp.vn\/"},{"@type":"ListItem","position":2,"name":"Li\u00ean h\u1ec7"}]},{"@type":"WebSite","@id":"https:\/\/xbankapp.vn\/#website","url":"https:\/\/xbankapp.vn\/","name":"Xbank App","description":"","publisher":{"@id":"https:\/\/xbankapp.vn\/#organization"},"potentialAction":[{"@type":"SearchAction","target":{"@type":"EntryPoint","urlTemplate":"https:\/\/xbankapp.vn\/?s={search_term_string}"},"query-input":{"@type":"PropertyValueSpecification","valueRequired":true,"valueName":"search_term_string"}}],"inLanguage":"en-US"},{"@type":"Organization","@id":"https:\/\/xbankapp.vn\/#organization","name":"Xbank App","url":"https:\/\/xbankapp.vn\/","logo":{"@type":"ImageObject","inLanguage":"en-US","@id":"https:\/\/xbankapp.vn\/#\/schema\/logo\/image\/","url":"https:\/\/xbankapp.vn\/wp-content\/uploads\/2025\/06\/logo-d6icie.svg","contentUrl":"https:\/\/xbankapp.vn\/wp-content\/uploads\/2025\/06\/logo-d6icie.svg","width":126,"height":47,"caption":"Xbank App"},"image":{"@id":"https:\/\/xbankapp.vn\/#\/schema\/logo\/image\/"}}]}},"_links":{"self":[{"href":"https:\/\/xbankapp.vn\/en\/wp-json\/wp\/v2\/pages\/149","targetHints":{"allow":["GET"]}}],"collection":[{"href":"https:\/\/xbankapp.vn\/en\/wp-json\/wp\/v2\/pages"}],"about":[{"href":"https:\/\/xbankapp.vn\/en\/wp-json\/wp\/v2\/types\/page"}],"author":[{"embeddable":true,"href":"https:\/\/xbankapp.vn\/en\/wp-json\/wp\/v2\/users\/1"}],"replies":[{"embeddable":true,"href":"https:\/\/xbankapp.vn\/en\/wp-json\/wp\/v2\/comments?post=149"}],"version-history":[{"count":221,"href":"https:\/\/xbankapp.vn\/en\/wp-json\/wp\/v2\/pages\/149\/revisions"}],"predecessor-version":[{"id":4075,"href":"https:\/\/xbankapp.vn\/en\/wp-json\/wp\/v2\/pages\/149\/revisions\/4075"}],"wp:featuredmedia":[{"embeddable":true,"href":"https:\/\/xbankapp.vn\/en\/wp-json\/wp\/v2\/media\/14"}],"wp:attachment":[{"href":"https:\/\/xbankapp.vn\/en\/wp-json\/wp\/v2\/media?parent=149"}],"curies":[{"name":"wp","href":"https:\/\/api.w.org\/{rel}","templated":true}]}}