{"id":33,"date":"2025-06-20T09:48:42","date_gmt":"2025-06-20T02:48:42","guid":{"rendered":"https:\/\/demo-xbankvn.deltalabsjsc.com\/?page_id=33"},"modified":"2025-07-05T09:41:47","modified_gmt":"2025-07-05T02:41:47","slug":"careers","status":"publish","type":"page","link":"https:\/\/xbankapp.vn\/en\/careers\/","title":{"rendered":"Careers"},"content":{"rendered":"<div data-elementor-type=\"wp-page\" data-elementor-id=\"33\" class=\"elementor elementor-33\" data-elementor-post-type=\"page\">\n\t\t\t\t<div class=\"elementor-element elementor-element-c2c3841 e-flex e-con-boxed e-con e-parent\" data-id=\"c2c3841\" data-element_type=\"container\">\n\t\t\t\t\t<div class=\"e-con-inner\">\n\t\t<div class=\"elementor-element elementor-element-9eaf094 e-con-full e-flex e-con e-child\" data-id=\"9eaf094\" data-element_type=\"container\" data-settings=\"{&quot;background_background&quot;:&quot;classic&quot;}\">\n\t\t\t\t<div class=\"elementor-element elementor-element-aee39a2 elementor-invisible elementor-widget elementor-widget-heading\" data-id=\"aee39a2\" data-element_type=\"widget\" data-settings=\"{&quot;_animation&quot;:&quot;fadeInUp&quot;,&quot;_animation_delay&quot;:100}\" data-widget_type=\"heading.default\">\n\t\t\t\t\t<h1 class=\"elementor-heading-title elementor-size-default\">Careers<\/h1>\t\t\t\t<\/div>\n\t\t\t\t<div class=\"elementor-element elementor-element-dabdd63 elementor-invisible elementor-widget elementor-widget-heading\" data-id=\"dabdd63\" data-element_type=\"widget\" data-settings=\"{&quot;_animation&quot;:&quot;fadeInUp&quot;,&quot;_animation_delay&quot;:200}\" data-widget_type=\"heading.default\">\n\t\t\t\t\t<p class=\"elementor-heading-title elementor-size-default translation-block\">Fuel the Future,<br>Start at xBank<\/p>\t\t\t\t<\/div>\n\t\t\t\t<div class=\"elementor-element elementor-element-af7b437 elementor-widget__width-initial elementor-invisible elementor-widget elementor-widget-text-editor\" data-id=\"af7b437\" data-element_type=\"widget\" data-settings=\"{&quot;_animation&quot;:&quot;fadeInUp&quot;,&quot;_animation_delay&quot;:300}\" data-widget_type=\"text-editor.default\">\n\t\t\t\t\t\t\t\t\t<p>At xBank, we believe in people with vision. Join a team where innovation, collaboration, and growth aren\u2019t just words\u2014they\u2019re how we work.<\/p>\t\t\t\t\t\t\t\t<\/div>\n\t\t\t\t<\/div>\n\t\t\t\t\t<\/div>\n\t\t\t\t<\/div>\n\t\t<div class=\"elementor-element elementor-element-95187a6 e-flex e-con-boxed e-con e-parent\" data-id=\"95187a6\" data-element_type=\"container\">\n\t\t\t\t\t<div class=\"e-con-inner\">\n\t\t\t\t<div class=\"elementor-element elementor-element-9a7a3fe elementor-invisible elementor-widget elementor-widget-heading\" data-id=\"9a7a3fe\" data-element_type=\"widget\" data-settings=\"{&quot;_animation&quot;:&quot;fadeInUp&quot;,&quot;_animation_delay&quot;:100}\" data-widget_type=\"heading.default\">\n\t\t\t\t\t<h2 class=\"elementor-heading-title elementor-size-default\">Openning Positions<\/h2>\t\t\t\t<\/div>\n\t\t\t\t<div class=\"elementor-element elementor-element-2ee3539 e-n-tabs-tablet elementor-widget elementor-widget-n-tabs\" data-id=\"2ee3539\" data-element_type=\"widget\" data-widget_type=\"nested-tabs.default\">\n\t\t\t\t\t\t\t<div class=\"e-n-tabs\" data-widget-number=\"49165625\" aria-label=\"Tabs. Open items with Enter or Space, close with Escape and navigate using the Arrow keys.\" data-no-translation-aria-label=\"\">\n\t\t\t<div class=\"e-n-tabs-heading\" role=\"tablist\">\n\t\t\t\t\t<button id=\"e-n-tab-title-491656251\" class=\"e-n-tab-title\" aria-selected=\"true\" data-tab-index=\"1\" role=\"tab\" tabindex=\"0\" aria-controls=\"e-n-tab-content-491656251\" style=\"--n-tabs-title-order: 1;\">\n\t\t\t\t\t\t<span class=\"e-n-tab-title-text\">\n\t\t\t\t<div class=\"ct__job_tab_container\">   <h3 class=\"ct__job-title\">Product Owner - Digital Neo Bank<\/h3>   <ul class=\"ct__job-info\">     <li>       <img decoding=\"async\" src=\"https:\/\/demo-xbankvn.deltalabsjsc.com\/wp-content\/uploads\/2025\/06\/MapPin-fidsor.svg\" alt=\"Lo\u1ea1i h\u00ecnh c\u00f4ng vi\u1ec7c\" style=\"width:20px;vertical-align:middle;margin-right:8px\">       Location: Ho Chi Minh City, Vietnam \/ Remote     <\/li>     <li>       <img decoding=\"async\" src=\"https:\/\/demo-xbankvn.deltalabsjsc.com\/wp-content\/uploads\/2025\/06\/UsersFour-jhdaeo.svg\" alt=\"B\u1ed9 ph\u1eadn\" style=\"width:20px;vertical-align:middle;margin-right:8px\">       Department: Product &amp; Technology     <\/li>     <li>       <img decoding=\"async\" src=\"https:\/\/demo-xbankvn.deltalabsjsc.com\/wp-content\/uploads\/2025\/06\/Timer-msgaqg.svg\" alt=\"\u0110\u1ecba \u0111i\u1ec3m\" style=\"width:20px;vertical-align:middle;margin-right:8px\">       Employment Type: Full-Time     <\/li>   <\/ul> <\/div>\t\t\t<\/span>\n\t\t<\/button>\n\t\t\t\t\t<\/div>\n\t\t\t<div class=\"e-n-tabs-content\">\n\t\t\t\t<div id=\"e-n-tab-content-491656251\" role=\"tabpanel\" aria-labelledby=\"e-n-tab-title-491656251\" data-tab-index=\"1\" style=\"--n-tabs-title-order: 1;\" class=\"e-active elementor-element elementor-element-5fcf55c e-con-full e-flex e-con e-child\" data-id=\"5fcf55c\" data-element_type=\"container\">\n\t\t<div class=\"elementor-element elementor-element-463b87b e-con-full e-flex e-con e-child\" data-id=\"463b87b\" data-element_type=\"container\">\n\t\t<div class=\"elementor-element elementor-element-4fc5f59 e-con-full e-flex e-con e-child\" data-id=\"4fc5f59\" data-element_type=\"container\">\n\t\t\t\t<div class=\"elementor-element elementor-element-a6b4aac elementor-widget elementor-widget-heading\" data-id=\"a6b4aac\" data-element_type=\"widget\" data-widget_type=\"heading.default\">\n\t\t\t\t\t<h2 class=\"elementor-heading-title elementor-size-default\">Product Owner \u2013 Digital Neo Bank<\/h2>\t\t\t\t<\/div>\n\t\t\t\t<div class=\"elementor-element elementor-element-8bb8871 elementor-icon-list--layout-traditional elementor-list-item-link-full_width elementor-widget elementor-widget-icon-list\" data-id=\"8bb8871\" data-element_type=\"widget\" data-widget_type=\"icon-list.default\">\n\t\t\t\t\t\t\t<ul class=\"elementor-icon-list-items\">\n\t\t\t\t\t\t\t<li class=\"elementor-icon-list-item\">\n\t\t\t\t\t\t\t\t\t\t\t<span class=\"elementor-icon-list-icon\">\n\t\t\t\t\t\t\t<svg xmlns=\"http:\/\/www.w3.org\/2000\/svg\" width=\"16\" height=\"16\" viewbox=\"0 0 16 16\" fill=\"none\"><path d=\"M8 1C6.54182 1.00165 5.14383 1.58165 4.11274 2.61274C3.08165 3.64383 2.50165 5.04182 2.5 6.5C2.5 11.2063 7.5 14.7606 7.71313 14.9094C7.7972 14.9683 7.89735 14.9999 8 14.9999C8.10265 14.9999 8.2028 14.9683 8.28687 14.9094C8.5 14.7606 13.5 11.2063 13.5 6.5C13.4983 5.04182 12.9184 3.64383 11.8873 2.61274C10.8562 1.58165 9.45818 1.00165 8 1ZM8 4.5C8.39556 4.5 8.78224 4.6173 9.11114 4.83706C9.44004 5.05682 9.69638 5.36918 9.84776 5.73463C9.99913 6.10009 10.0387 6.50222 9.96157 6.89018C9.8844 7.27814 9.69392 7.63451 9.41421 7.91421C9.13451 8.19392 8.77814 8.3844 8.39018 8.46157C8.00222 8.53874 7.60009 8.49913 7.23463 8.34776C6.86918 8.19638 6.55682 7.94004 6.33706 7.61114C6.1173 7.28224 6 6.89556 6 6.5C6 5.96957 6.21071 5.46086 6.58579 5.08579C6.96086 4.71071 7.46957 4.5 8 4.5Z\" fill=\"#5E607D\"><\/path><\/svg>\t\t\t\t\t\t<\/span>\n\t\t\t\t\t\t\t\t\t\t<span class=\"elementor-icon-list-text\">Ho Chi Minh City, Vietnam \/ Remote<\/span>\n\t\t\t\t\t\t\t\t\t<\/li>\n\t\t\t\t\t\t<\/ul>\n\t\t\t\t\t\t<\/div>\n\t\t\t\t<div class=\"elementor-element elementor-element-88417be elementor-widget elementor-widget-text-editor\" data-id=\"88417be\" data-element_type=\"widget\" data-widget_type=\"text-editor.default\">\n\t\t\t\t\t\t\t\t\t<div style=\"font-family: Helvetica, Arial, sans-serif; font-size: 1.125rem; margin: 0 auto; line-height: 1.6; color: #1c1c1c; background-color: #fff;\"><p>At XBANK, we're on a mission to reshape the future of banking in Vietnam and SEA. We are a 100% digital neobank built on blockchain, designed for the mobile-first generation, offering smart, seamless, and secure financial services that empower users to take full control of their money.\u2028We are seeking a Product Owner to drive the development of our core digital banking products. This is an exciting opportunity to work at the intersection of technology, finance, and customer experience in one of Southeast Asia\u2019s most dynamic fintech markets.<\/p><p>.<\/p><h3 style=\"margin-top: 30px; margin-bottom: 10px; font-size: 1.25rem; font-weight: bold; color: #000333;\">Key Responsibilities<\/h3><ul style=\"padding-left: 20px; margin-bottom: 20px;\"><li>Define Product Vision: Develop and own the product roadmap for key digital banking features (e.g., onboarding, payments, cards, unsecured loans, personal finance tools).<\/li><li>Backlog Ownership: Create and manage a well-groomed product backlog; translate product strategy into clear user stories and acceptance criteria.<\/li><li>Agile Execution: Lead agile squads (developers, designers, QA) to deliver high-quality, customer-centric features in regular sprints.<\/li><li>Customer-Centric Thinking: Gather and analyze customer insights, feedback, and usage data to inform decisions and drive continuous product improvement.<\/li><li>Cross-Functional Collaboration: Work closely with stakeholders across engineering, compliance, marketing, and operations to align product initiatives.<\/li><li>Launch &amp; Performance: Coordinate go-to-market efforts, define KPIs, and monitor product performance post-launch for iterative enhancement.<\/li><\/ul><h3 style=\"margin-top: 30px; margin-bottom: 10px; font-size: 1.25rem; font-weight: bold; color: #000333;\">Requirements<\/h3><ul style=\"padding-left: 20px;\"><li>Experience as a Product Owner or Product Manager in a fintech, banking, or tech-driven environment.<\/li><li>Strong understanding of digital banking products and core systems<\/li><li>Familiarity with agile frameworks such as Scrum or Kanban.<\/li><li>Experience working with cross-functional tech teams and writing clear user stories.<\/li><li>Data-driven mindset with comfort using analytics tools.<\/li><li>Communication in English.<\/li><li>Preferred Qualifications<\/li><li>Prior experience in digital banking or launching mobile-first financial products.<\/li><li>Experience integrating with third-party APIs and core banking systems.<\/li><li>Technical proficiency or experience working with engineering teams on backend\/frontend features.<\/li><li>You have the ability to present and communicate well both verbally and in writing.<\/li><li>You have the ability to collaborate and run projects independently.<\/li><li>You have good analytical thinking and the ability to make decisions based on information systems and data.<\/li><\/ul><\/div>\t\t\t\t\t\t\t\t<\/div>\n\t\t\t\t<\/div>\n\t\t\t\t<\/div>\n\t\t\t\t<div class=\"elementor-element elementor-element-a2601ec elementor-align-center elementor-widget elementor-widget-button\" data-id=\"a2601ec\" data-element_type=\"widget\" data-widget_type=\"button.default\">\n\t\t\t\t\t\t\t\t\t\t<a class=\"elementor-button elementor-button-link elementor-size-sm\" href=\"#elementor-action%3Aaction%3Dpopup%3Aopen%26settings%3DeyJpZCI6IjI4MDkiLCJ0b2dnbGUiOmZhbHNlfQ%3D%3D\">\n\t\t\t\t\t\t<span class=\"elementor-button-content-wrapper\">\n\t\t\t\t\t\t\t\t\t<span class=\"elementor-button-text\">Apply for this role<\/span>\n\t\t\t\t\t<\/span>\n\t\t\t\t\t<\/a>\n\t\t\t\t\t\t\t\t<\/div>\n\t\t\t\t<\/div>\n\t\t\t\t\t<\/div>\n\t\t<\/div>\n\t\t\t\t\t\t<\/div>\n\t\t\t\t\t<\/div>\n\t\t\t\t<\/div>\n\t\t\t\t<\/div>","protected":false},"excerpt":{"rendered":"<p>Tuy\u1ec3n d\u1ee5ng Ti\u1ebfp s\u1ee9c cho T\u01b0\u01a1ng lai,B\u1eaft \u0111\u1ea7u t\u1ea1i xBank T\u1ea1i xBank, ch\u00fang t\u00f4i tin t\u01b0\u1edfng v\u00e0o nh\u1eefng ng\u01b0\u1eddi c\u00f3 t\u1ea7m nh\u00ecn. H\u00e3y tham gia v\u00e0o m\u1ed9t \u0111\u1ed9i ng\u0169 n\u01a1i s\u1ef1 \u0111\u1ed5i m\u1edbi, h\u1ee3p t\u00e1c v\u00e0 ph\u00e1t tri\u1ec3n kh\u00f4ng ch\u1ec9 l\u00e0 nh\u1eefng t\u1eeb ng\u1eef\u2014m\u00e0 ch\u00ednh l\u00e0 c\u00e1ch ch\u00fang t\u00f4i l\u00e0m vi\u1ec7c. V\u1ecb tr\u00ed \u0111ang tuy\u1ec3n [&hellip;]<\/p>","protected":false},"author":1,"featured_media":14,"parent":0,"menu_order":0,"comment_status":"closed","ping_status":"closed","template":"","meta":{"footnotes":""},"class_list":["post-33","page","type-page","status-publish","has-post-thumbnail","hentry"],"yoast_head":"<!-- This site is optimized with the Yoast SEO plugin v25.9 - https:\/\/yoast.com\/wordpress\/plugins\/seo\/ -->\n<title>xBank - N\u1ec1n t\u1ea3ng t\u00e0i ch\u00ednh to\u00e0n di\u1ec7n cho doanh nghi\u1ec7p \u0111\u1ed5i m\u1edbi s\u00e1ng t\u1ea1o<\/title>\n<meta name=\"description\" content=\"M\u1edf t\u00e0i kho\u1ea3n doanh nghi\u1ec7p \u0111a ti\u1ec1n t\u1ec7, nh\u1eadn th\u1ebb \u1ea3o &amp; v\u1eadt l\u00fd, vay v\u1ed1n nhanh, qu\u1ea3n l\u00fd chi ti\u00eau hi\u1ec7u qu\u1ea3 c\u00f9ng xBank - N\u1ec1n t\u1ea3ng t\u00e0i ch\u00ednh to\u00e0n di\u1ec7n cho doanh nghi\u1ec7p \u0111\u1ed5i m\u1edbi s\u00e1ng t\u1ea1o.\" \/>\n<meta name=\"robots\" content=\"index, follow, max-snippet:-1, max-image-preview:large, max-video-preview:-1\" \/>\n<link rel=\"canonical\" href=\"https:\/\/xbankapp.vn\/en\/careers\/\" \/>\n<meta property=\"og:locale\" content=\"en_US\" \/>\n<meta property=\"og:type\" content=\"article\" \/>\n<meta property=\"og:title\" content=\"xBank - N\u1ec1n t\u1ea3ng t\u00e0i ch\u00ednh to\u00e0n di\u1ec7n cho doanh nghi\u1ec7p \u0111\u1ed5i m\u1edbi s\u00e1ng t\u1ea1o\" \/>\n<meta property=\"og:description\" content=\"M\u1edf t\u00e0i kho\u1ea3n doanh nghi\u1ec7p \u0111a ti\u1ec1n t\u1ec7, nh\u1eadn th\u1ebb \u1ea3o &amp; v\u1eadt l\u00fd, vay v\u1ed1n nhanh, qu\u1ea3n l\u00fd chi ti\u00eau hi\u1ec7u qu\u1ea3 c\u00f9ng xBank - N\u1ec1n t\u1ea3ng t\u00e0i ch\u00ednh to\u00e0n di\u1ec7n cho doanh nghi\u1ec7p \u0111\u1ed5i m\u1edbi s\u00e1ng t\u1ea1o.\" \/>\n<meta property=\"og:url\" content=\"https:\/\/xbankapp.vn\/en\/careers\/\" \/>\n<meta property=\"og:site_name\" content=\"xBank App\" \/>\n<meta property=\"article:modified_time\" content=\"2025-07-05T02:41:47+00:00\" \/>\n<meta property=\"og:image\" content=\"https:\/\/xbankapp.vn\/wp-content\/uploads\/2025\/06\/preview-c09g0s.jpg\" \/>\n\t<meta property=\"og:image:width\" content=\"2560\" \/>\n\t<meta property=\"og:image:height\" content=\"1280\" \/>\n\t<meta property=\"og:image:type\" content=\"image\/jpeg\" \/>\n<meta name=\"twitter:card\" content=\"summary_large_image\" \/>\n<meta name=\"twitter:label1\" content=\"Est. reading time\" \/>\n\t<meta name=\"twitter:data1\" content=\"9 minutes\" \/>\n<script type=\"application\/ld+json\" class=\"yoast-schema-graph\">{\"@context\":\"https:\/\/schema.org\",\"@graph\":[{\"@type\":\"WebPage\",\"@id\":\"https:\/\/xbankapp.vn\/tuyen-dung\/\",\"url\":\"https:\/\/xbankapp.vn\/tuyen-dung\/\",\"name\":\"xBank - N\u1ec1n t\u1ea3ng t\u00e0i ch\u00ednh to\u00e0n di\u1ec7n cho doanh nghi\u1ec7p \u0111\u1ed5i m\u1edbi s\u00e1ng t\u1ea1o\",\"isPartOf\":{\"@id\":\"https:\/\/xbankapp.vn\/#website\"},\"primaryImageOfPage\":{\"@id\":\"https:\/\/xbankapp.vn\/tuyen-dung\/#primaryimage\"},\"image\":{\"@id\":\"https:\/\/xbankapp.vn\/tuyen-dung\/#primaryimage\"},\"thumbnailUrl\":\"https:\/\/xbankapp.vn\/wp-content\/uploads\/2025\/06\/preview-c09g0s.jpg\",\"datePublished\":\"2025-06-20T02:48:42+00:00\",\"dateModified\":\"2025-07-05T02:41:47+00:00\",\"description\":\"M\u1edf t\u00e0i kho\u1ea3n doanh nghi\u1ec7p \u0111a ti\u1ec1n t\u1ec7, nh\u1eadn th\u1ebb \u1ea3o & v\u1eadt l\u00fd, vay v\u1ed1n nhanh, qu\u1ea3n l\u00fd chi ti\u00eau hi\u1ec7u qu\u1ea3 c\u00f9ng xBank - N\u1ec1n t\u1ea3ng t\u00e0i ch\u00ednh to\u00e0n di\u1ec7n cho doanh nghi\u1ec7p \u0111\u1ed5i m\u1edbi s\u00e1ng t\u1ea1o.\",\"breadcrumb\":{\"@id\":\"https:\/\/xbankapp.vn\/tuyen-dung\/#breadcrumb\"},\"inLanguage\":\"en-US\",\"potentialAction\":[{\"@type\":\"ReadAction\",\"target\":[\"https:\/\/xbankapp.vn\/tuyen-dung\/\"]}]},{\"@type\":\"ImageObject\",\"inLanguage\":\"en-US\",\"@id\":\"https:\/\/xbankapp.vn\/tuyen-dung\/#primaryimage\",\"url\":\"https:\/\/xbankapp.vn\/wp-content\/uploads\/2025\/06\/preview-c09g0s.jpg\",\"contentUrl\":\"https:\/\/xbankapp.vn\/wp-content\/uploads\/2025\/06\/preview-c09g0s.jpg\",\"width\":2560,\"height\":1280},{\"@type\":\"BreadcrumbList\",\"@id\":\"https:\/\/xbankapp.vn\/tuyen-dung\/#breadcrumb\",\"itemListElement\":[{\"@type\":\"ListItem\",\"position\":1,\"name\":\"Trang ch\u1ee7\",\"item\":\"https:\/\/xbankapp.vn\/\"},{\"@type\":\"ListItem\",\"position\":2,\"name\":\"Tuy\u1ec3n d\u1ee5ng\"}]},{\"@type\":\"WebSite\",\"@id\":\"https:\/\/xbankapp.vn\/#website\",\"url\":\"https:\/\/xbankapp.vn\/\",\"name\":\"Xbank App\",\"description\":\"\",\"publisher\":{\"@id\":\"https:\/\/xbankapp.vn\/#organization\"},\"potentialAction\":[{\"@type\":\"SearchAction\",\"target\":{\"@type\":\"EntryPoint\",\"urlTemplate\":\"https:\/\/xbankapp.vn\/?s={search_term_string}\"},\"query-input\":{\"@type\":\"PropertyValueSpecification\",\"valueRequired\":true,\"valueName\":\"search_term_string\"}}],\"inLanguage\":\"en-US\"},{\"@type\":\"Organization\",\"@id\":\"https:\/\/xbankapp.vn\/#organization\",\"name\":\"Xbank App\",\"url\":\"https:\/\/xbankapp.vn\/\",\"logo\":{\"@type\":\"ImageObject\",\"inLanguage\":\"en-US\",\"@id\":\"https:\/\/xbankapp.vn\/#\/schema\/logo\/image\/\",\"url\":\"https:\/\/xbankapp.vn\/wp-content\/uploads\/2025\/06\/logo-d6icie.svg\",\"contentUrl\":\"https:\/\/xbankapp.vn\/wp-content\/uploads\/2025\/06\/logo-d6icie.svg\",\"width\":126,\"height\":47,\"caption\":\"Xbank App\"},\"image\":{\"@id\":\"https:\/\/xbankapp.vn\/#\/schema\/logo\/image\/\"}}]}<\/script>\n<!-- \/ Yoast SEO plugin. -->","yoast_head_json":{"title":"xBank - N\u1ec1n t\u1ea3ng t\u00e0i ch\u00ednh to\u00e0n di\u1ec7n cho doanh nghi\u1ec7p \u0111\u1ed5i m\u1edbi s\u00e1ng t\u1ea1o","description":"M\u1edf t\u00e0i kho\u1ea3n doanh nghi\u1ec7p \u0111a ti\u1ec1n t\u1ec7, nh\u1eadn th\u1ebb \u1ea3o & v\u1eadt l\u00fd, vay v\u1ed1n nhanh, qu\u1ea3n l\u00fd chi ti\u00eau hi\u1ec7u qu\u1ea3 c\u00f9ng xBank - N\u1ec1n t\u1ea3ng t\u00e0i ch\u00ednh to\u00e0n di\u1ec7n cho doanh nghi\u1ec7p \u0111\u1ed5i m\u1edbi s\u00e1ng t\u1ea1o.","robots":{"index":"index","follow":"follow","max-snippet":"max-snippet:-1","max-image-preview":"max-image-preview:large","max-video-preview":"max-video-preview:-1"},"canonical":"https:\/\/xbankapp.vn\/en\/careers\/","og_locale":"en_US","og_type":"article","og_title":"xBank - N\u1ec1n t\u1ea3ng t\u00e0i ch\u00ednh to\u00e0n di\u1ec7n cho doanh nghi\u1ec7p \u0111\u1ed5i m\u1edbi s\u00e1ng t\u1ea1o","og_description":"M\u1edf t\u00e0i kho\u1ea3n doanh nghi\u1ec7p \u0111a ti\u1ec1n t\u1ec7, nh\u1eadn th\u1ebb \u1ea3o & v\u1eadt l\u00fd, vay v\u1ed1n nhanh, qu\u1ea3n l\u00fd chi ti\u00eau hi\u1ec7u qu\u1ea3 c\u00f9ng xBank - N\u1ec1n t\u1ea3ng t\u00e0i ch\u00ednh to\u00e0n di\u1ec7n cho doanh nghi\u1ec7p \u0111\u1ed5i m\u1edbi s\u00e1ng t\u1ea1o.","og_url":"https:\/\/xbankapp.vn\/en\/careers\/","og_site_name":"xBank App","article_modified_time":"2025-07-05T02:41:47+00:00","og_image":[{"width":2560,"height":1280,"url":"https:\/\/xbankapp.vn\/wp-content\/uploads\/2025\/06\/preview-c09g0s.jpg","type":"image\/jpeg"}],"twitter_card":"summary_large_image","twitter_misc":{"Est. reading time":"9 minutes"},"schema":{"@context":"https:\/\/schema.org","@graph":[{"@type":"WebPage","@id":"https:\/\/xbankapp.vn\/tuyen-dung\/","url":"https:\/\/xbankapp.vn\/tuyen-dung\/","name":"xBank - N\u1ec1n t\u1ea3ng t\u00e0i ch\u00ednh to\u00e0n di\u1ec7n cho doanh nghi\u1ec7p \u0111\u1ed5i m\u1edbi s\u00e1ng t\u1ea1o","isPartOf":{"@id":"https:\/\/xbankapp.vn\/#website"},"primaryImageOfPage":{"@id":"https:\/\/xbankapp.vn\/tuyen-dung\/#primaryimage"},"image":{"@id":"https:\/\/xbankapp.vn\/tuyen-dung\/#primaryimage"},"thumbnailUrl":"https:\/\/xbankapp.vn\/wp-content\/uploads\/2025\/06\/preview-c09g0s.jpg","datePublished":"2025-06-20T02:48:42+00:00","dateModified":"2025-07-05T02:41:47+00:00","description":"M\u1edf t\u00e0i kho\u1ea3n doanh nghi\u1ec7p \u0111a ti\u1ec1n t\u1ec7, nh\u1eadn th\u1ebb \u1ea3o & v\u1eadt l\u00fd, vay v\u1ed1n nhanh, qu\u1ea3n l\u00fd chi ti\u00eau hi\u1ec7u qu\u1ea3 c\u00f9ng xBank - N\u1ec1n t\u1ea3ng t\u00e0i ch\u00ednh to\u00e0n di\u1ec7n cho doanh nghi\u1ec7p \u0111\u1ed5i m\u1edbi s\u00e1ng t\u1ea1o.","breadcrumb":{"@id":"https:\/\/xbankapp.vn\/tuyen-dung\/#breadcrumb"},"inLanguage":"en-US","potentialAction":[{"@type":"ReadAction","target":["https:\/\/xbankapp.vn\/tuyen-dung\/"]}]},{"@type":"ImageObject","inLanguage":"en-US","@id":"https:\/\/xbankapp.vn\/tuyen-dung\/#primaryimage","url":"https:\/\/xbankapp.vn\/wp-content\/uploads\/2025\/06\/preview-c09g0s.jpg","contentUrl":"https:\/\/xbankapp.vn\/wp-content\/uploads\/2025\/06\/preview-c09g0s.jpg","width":2560,"height":1280},{"@type":"BreadcrumbList","@id":"https:\/\/xbankapp.vn\/tuyen-dung\/#breadcrumb","itemListElement":[{"@type":"ListItem","position":1,"name":"Trang ch\u1ee7","item":"https:\/\/xbankapp.vn\/"},{"@type":"ListItem","position":2,"name":"Tuy\u1ec3n d\u1ee5ng"}]},{"@type":"WebSite","@id":"https:\/\/xbankapp.vn\/#website","url":"https:\/\/xbankapp.vn\/","name":"Xbank App","description":"","publisher":{"@id":"https:\/\/xbankapp.vn\/#organization"},"potentialAction":[{"@type":"SearchAction","target":{"@type":"EntryPoint","urlTemplate":"https:\/\/xbankapp.vn\/?s={search_term_string}"},"query-input":{"@type":"PropertyValueSpecification","valueRequired":true,"valueName":"search_term_string"}}],"inLanguage":"en-US"},{"@type":"Organization","@id":"https:\/\/xbankapp.vn\/#organization","name":"Xbank App","url":"https:\/\/xbankapp.vn\/","logo":{"@type":"ImageObject","inLanguage":"en-US","@id":"https:\/\/xbankapp.vn\/#\/schema\/logo\/image\/","url":"https:\/\/xbankapp.vn\/wp-content\/uploads\/2025\/06\/logo-d6icie.svg","contentUrl":"https:\/\/xbankapp.vn\/wp-content\/uploads\/2025\/06\/logo-d6icie.svg","width":126,"height":47,"caption":"Xbank App"},"image":{"@id":"https:\/\/xbankapp.vn\/#\/schema\/logo\/image\/"}}]}},"_links":{"self":[{"href":"https:\/\/xbankapp.vn\/en\/wp-json\/wp\/v2\/pages\/33","targetHints":{"allow":["GET"]}}],"collection":[{"href":"https:\/\/xbankapp.vn\/en\/wp-json\/wp\/v2\/pages"}],"about":[{"href":"https:\/\/xbankapp.vn\/en\/wp-json\/wp\/v2\/types\/page"}],"author":[{"embeddable":true,"href":"https:\/\/xbankapp.vn\/en\/wp-json\/wp\/v2\/users\/1"}],"replies":[{"embeddable":true,"href":"https:\/\/xbankapp.vn\/en\/wp-json\/wp\/v2\/comments?post=33"}],"version-history":[{"count":353,"href":"https:\/\/xbankapp.vn\/en\/wp-json\/wp\/v2\/pages\/33\/revisions"}],"predecessor-version":[{"id":3395,"href":"https:\/\/xbankapp.vn\/en\/wp-json\/wp\/v2\/pages\/33\/revisions\/3395"}],"wp:featuredmedia":[{"embeddable":true,"href":"https:\/\/xbankapp.vn\/en\/wp-json\/wp\/v2\/media\/14"}],"wp:attachment":[{"href":"https:\/\/xbankapp.vn\/en\/wp-json\/wp\/v2\/media?parent=33"}],"curies":[{"name":"wp","href":"https:\/\/api.w.org\/{rel}","templated":true}]}}